{"id":6,"date":"2021-09-05T15:43:34","date_gmt":"2021-09-05T15:43:34","guid":{"rendered":"https:\/\/wirheiraten.ruach.jetzt\/?page_id=6"},"modified":"2021-10-03T17:50:18","modified_gmt":"2021-10-03T17:50:18","slug":"home","status":"publish","type":"page","link":"https:\/\/wirheiraten.ruach.jetzt\/","title":{"rendered":"Home"},"content":{"rendered":"","protected":true},"excerpt":{"rendered":"","protected":true},"author":1,"featured_media":0,"parent":0,"menu_order":0,"comment_status":"closed","ping_status":"closed","template":"","meta":{"hide_page_title":"","footnotes":""},"class_list":["post-6","page","type-page","status-publish","post-password-required","hentry"],"featured_image_urls_v2":{"full":"","thumbnail":"","medium":"","medium_large":"","large":"","1536x1536":"","2048x2048":""},"post_excerpt_stackable_v2":"<p>Danke f\u00fcr dieses wundervolle Fest. Wir sind immer noch ganz ger\u00fchrt wie wunderbar wir gemeinsam feiern konnten. Danke. Ab heute findet ihr unter dem Link die Bilder unserer Fotografin Tiffany J. Maa\u00dfen. Zu den Fotos Passwort f\u00fcr die Fotogalerie: stOO0EwSn8 Wenn Du auch Fotos gemacht hast, hast Du die M\u00f6glichkeit diese in einem Google Drive Ordner hochzuladen. Einfach einen Unterordner mit Deinem Namen erstellen und hochladen. Wir freuen uns auf Eure Fotos. Google Drive Ordner f\u00fcr die eigenen Fotos Wir arbeiten gerade an den Dankeskarten und dem Bereitstellen der diversen Beitr\u00e4ge. All das wird dann auf dieser Homepage verlinkt. Eva&hellip;<\/p>\n","category_list_v2":"","author_info_v2":{"name":"admin","url":"https:\/\/wirheiraten.ruach.jetzt\/?author=1"},"comments_num_v2":"0 comments","_links":{"self":[{"href":"https:\/\/wirheiraten.ruach.jetzt\/index.php?rest_route=\/wp\/v2\/pages\/6","targetHints":{"allow":["GET"]}}],"collection":[{"href":"https:\/\/wirheiraten.ruach.jetzt\/index.php?rest_route=\/wp\/v2\/pages"}],"about":[{"href":"https:\/\/wirheiraten.ruach.jetzt\/index.php?rest_route=\/wp\/v2\/types\/page"}],"author":[{"embeddable":true,"href":"https:\/\/wirheiraten.ruach.jetzt\/index.php?rest_route=\/wp\/v2\/users\/1"}],"replies":[{"embeddable":true,"href":"https:\/\/wirheiraten.ruach.jetzt\/index.php?rest_route=%2Fwp%2Fv2%2Fcomments&post=6"}],"version-history":[{"count":13,"href":"https:\/\/wirheiraten.ruach.jetzt\/index.php?rest_route=\/wp\/v2\/pages\/6\/revisions"}],"predecessor-version":[{"id":41,"href":"https:\/\/wirheiraten.ruach.jetzt\/index.php?rest_route=\/wp\/v2\/pages\/6\/revisions\/41"}],"wp:attachment":[{"href":"https:\/\/wirheiraten.ruach.jetzt\/index.php?rest_route=%2Fwp%2Fv2%2Fmedia&parent=6"}],"curies":[{"name":"wp","href":"https:\/\/api.w.org\/{rel}","templated":true}]}}